{"id":368,"date":"2013-04-16T09:23:33","date_gmt":"2013-04-16T07:23:33","guid":{"rendered":"http:\/\/beta.amis-tico.eu\/de\/?page_id=368"},"modified":"2025-09-30T22:09:06","modified_gmt":"2025-09-30T20:09:06","slug":"helfen","status":"publish","type":"page","link":"https:\/\/www.amis-tico.eu\/de\/helfen\/","title":{"rendered":"Helfen"},"content":{"rendered":"<ul>\n<li>Adoption eines Tieres<\/li>\n<li>Pflegestellen<\/li>\n<li>Patenschaften<\/li>\n<li>Sach- und Geldspenden<\/li>\n<li>tatkr\u00e4ftige Unterst\u00fctzung vor Ort<\/li>\n<\/ul>\n<p>Nehmen Sie doch einfach <a title=\"Kontakt\" href=\"https:\/\/www.amis-tico.eu\/de\/kontakt\/\">Kontakt<\/a> mit uns auf<\/p>\n<p><strong>Bankverbindung f\u00fcr Spenden:<\/strong><\/p>\n<p>Kontoinhaber: AMISTICO<\/p>\n<div><span style=\"text-decoration: underline\">\u00a0<\/span><\/div>\n<p><span style=\"text-decoration: underline\">F\u00fcr \u00dcberweisungen aus Deutschland und anderen L\u00e4ndern au\u00dferhalb von Frankreich (kostenfrei)<\/span><br \/>\nIBAN FR76 1027 8032 6100 0203 3970 146<br \/>\nBIC CMCIFR2A<\/p>\n<p><span style=\"text-decoration: underline\">F\u00fcr \u00dcberweisungen aus Frankreich:<\/span><br \/>\nBanque 10278<br \/>\nGuichet 03261<br \/>\nN.compte 00020339701 Cl\u00e9 46 Domiciliation CCM Du Brand<\/p>\n<div><span style=\"text-decoration: underline\">Deutsche Bankverbindung<\/span><\/div>\n<div><\/div>\n<div>Sparkasse Staufen-Breisach<\/div>\n<div><\/div>\n<div>BLZ \u00a068052328<\/div>\n<div><\/div>\n<div>KTO 1193218<\/div>\n<div><\/div>\n<div><span style=\"font-family: Verdana;font-size: small\">IBAN DE23680523280001193218<\/span><\/div>\n<div><\/div>\n<div><span style=\"font-family: Verdana;font-size: small\">BIC SOLADES1STF<\/span><\/div>\n<div><\/div>\n<p>&nbsp;<\/p>\n<p><strong>DANKE!!!!<\/strong><\/p>\n<div>\n<p><!--more--><\/p>\n<\/div>\n","protected":false},"excerpt":{"rendered":"<p>Adoption eines Tieres Pflegestellen Patenschaften Sach- und Geldspenden tatkr\u00e4ftige Unterst\u00fctzung vor Ort Nehmen Sie doch einfach Kontakt mit uns auf Bankverbindung f\u00fcr Spenden: Kontoinhaber: AMISTICO \u00a0 F\u00fcr \u00dcberweisungen aus Deutschland und anderen L\u00e4ndern au\u00dferhalb von Frankreich (kostenfrei) IBAN FR76 1027 8032 6100 0203 3970 146 BIC CMCIFR2A F\u00fcr \u00dcberweisungen aus Frankreich: Banque 10278 Guichet 03261 [&hellip;]<\/p>\n","protected":false},"author":1,"featured_media":0,"parent":0,"menu_order":0,"comment_status":"closed","ping_status":"closed","template":"","meta":{"footnotes":""},"class_list":["post-368","page","type-page","status-publish","hentry"],"_links":{"self":[{"href":"https:\/\/www.amis-tico.eu\/de\/wp-json\/wp\/v2\/pages\/368","targetHints":{"allow":["GET"]}}],"collection":[{"href":"https:\/\/www.amis-tico.eu\/de\/wp-json\/wp\/v2\/pages"}],"about":[{"href":"https:\/\/www.amis-tico.eu\/de\/wp-json\/wp\/v2\/types\/page"}],"author":[{"embeddable":true,"href":"https:\/\/www.amis-tico.eu\/de\/wp-json\/wp\/v2\/users\/1"}],"replies":[{"embeddable":true,"href":"https:\/\/www.amis-tico.eu\/de\/wp-json\/wp\/v2\/comments?post=368"}],"version-history":[{"count":6,"href":"https:\/\/www.amis-tico.eu\/de\/wp-json\/wp\/v2\/pages\/368\/revisions"}],"predecessor-version":[{"id":37801,"href":"https:\/\/www.amis-tico.eu\/de\/wp-json\/wp\/v2\/pages\/368\/revisions\/37801"}],"wp:attachment":[{"href":"https:\/\/www.amis-tico.eu\/de\/wp-json\/wp\/v2\/media?parent=368"}],"curies":[{"name":"wp","href":"https:\/\/api.w.org\/{rel}","templated":true}]}}