{"id":42,"date":"2013-01-19T14:34:59","date_gmt":"2013-01-19T12:34:59","guid":{"rendered":"http:\/\/beta.amis-tico.eu\/de\/?page_id=42"},"modified":"2020-04-04T08:59:00","modified_gmt":"2020-04-04T06:59:00","slug":"kontakt","status":"publish","type":"page","link":"https:\/\/www.amis-tico.eu\/de\/kontakt\/","title":{"rendered":"Kontakt"},"content":{"rendered":"<h2>Vertretungsberechtigt<\/h2>\n<ol>\n<li><strong>Vorstand<\/strong><br \/>\nHeike Gantert<br \/>\nLindenstr. 2c<br \/>\n79258 Hartheim<\/li>\n<li><strong>Vorstand<\/strong><br \/>\nCatherine Oberzusser<br \/>\n45a route d\u2019Ingersheim<br \/>\n68000 COLMAR<\/li>\n<\/ol>\n<h2>Verantwortlich nach \u00a7 55 RfStV<\/h2>\n<p>Heike Gantert<\/p>\n<h2>Registergericht\/Registernummer<\/h2>\n<p>Folgt<\/p>\n<h2>Bankverbindung:<\/h2>\n<p>Titulaire du compte\/ Kontoinhaber: AMISTICO<\/p>\n<p><span style=\"text-decoration: underline;\">Deutsche Bankverbindung<\/span><br \/>\nSparkasse Staufen-Breisach<br \/>\nBLZ \u00a068052328<br \/>\nKTO 1193218<br \/>\nIBAN DE23680523280001193218<br \/>\nBIC SOLADES1STF<br \/>\n<span style=\"text-decoration: underline;\">F\u00fcr \u00dcberweisungen au\u00dferhalb Frankreichs<\/span>:<br \/>\nIBAN FR76 1027 8032 6100 0203 3970 146; BIC CMCIFR2A<\/p>\n<p><span style=\"text-decoration: underline;\">F\u00fcr \u00dcberweisungen innerhalb Frankreichs:<\/span><br \/>\nBanque 10278; Guichet 03261 N.compte 00020339701 Cl\u00e9 46 Domiciliation CCM Du Brand<\/p>\n<h2>Bei Fragen und f\u00fcr weitere Informationen<\/h2>\n<p>zu AmisTiCo schicken Sie uns doch einfach eine Email: <a href=\"mailto:info@amis-tico.eu\">info@amis-tico.eu<\/a><\/p>\n<h2><\/h2>\n","protected":false},"excerpt":{"rendered":"<p>Vertretungsberechtigt Vorstand Heike Gantert Lindenstr. 2c 79258 Hartheim Vorstand Catherine Oberzusser 45a route d\u2019Ingersheim 68000 COLMAR Verantwortlich nach \u00a7 55 RfStV Heike Gantert Registergericht\/Registernummer Folgt Bankverbindung: Titulaire du compte\/ Kontoinhaber: AMISTICO Deutsche Bankverbindung Sparkasse Staufen-Breisach BLZ \u00a068052328 KTO 1193218 IBAN DE23680523280001193218 BIC SOLADES1STF F\u00fcr \u00dcberweisungen au\u00dferhalb Frankreichs: IBAN FR76 1027 8032 6100 0203 3970 146; [&hellip;]<\/p>\n","protected":false},"author":1,"featured_media":0,"parent":0,"menu_order":0,"comment_status":"closed","ping_status":"closed","template":"","meta":{"footnotes":""},"class_list":["post-42","page","type-page","status-publish","hentry"],"_links":{"self":[{"href":"https:\/\/www.amis-tico.eu\/de\/wp-json\/wp\/v2\/pages\/42","targetHints":{"allow":["GET"]}}],"collection":[{"href":"https:\/\/www.amis-tico.eu\/de\/wp-json\/wp\/v2\/pages"}],"about":[{"href":"https:\/\/www.amis-tico.eu\/de\/wp-json\/wp\/v2\/types\/page"}],"author":[{"embeddable":true,"href":"https:\/\/www.amis-tico.eu\/de\/wp-json\/wp\/v2\/users\/1"}],"replies":[{"embeddable":true,"href":"https:\/\/www.amis-tico.eu\/de\/wp-json\/wp\/v2\/comments?post=42"}],"version-history":[{"count":8,"href":"https:\/\/www.amis-tico.eu\/de\/wp-json\/wp\/v2\/pages\/42\/revisions"}],"predecessor-version":[{"id":25754,"href":"https:\/\/www.amis-tico.eu\/de\/wp-json\/wp\/v2\/pages\/42\/revisions\/25754"}],"wp:attachment":[{"href":"https:\/\/www.amis-tico.eu\/de\/wp-json\/wp\/v2\/media?parent=42"}],"curies":[{"name":"wp","href":"https:\/\/api.w.org\/{rel}","templated":true}]}}