{"id":5,"date":"2013-01-19T13:52:35","date_gmt":"2013-01-19T11:52:35","guid":{"rendered":"http:\/\/beta.amis-tico.eu\/de\/?page_id=5"},"modified":"2025-10-02T06:23:29","modified_gmt":"2025-10-02T04:23:29","slug":"tiere","status":"publish","type":"page","link":"https:\/\/www.amis-tico.eu\/de\/tiere\/","title":{"rendered":"Tiere"},"content":{"rendered":"<p>Neben den hier vorgestellten Katzen befinden sich regelm\u00e4\u00dfig weitere Tiere im Colmarer Tierheim. Sie alle suchen ein gutes Zuhause, in dem sie die neue Chance bekommen, das sie verdienen.<\/p>\n<p>Wenn Sie also gerne ein neues tierisches Familienmitglied aufnehmen oder auf andere Weise helfen m\u00f6chten, finden Sie hier stellvertretend f\u00fcr alle einige Tiere, die sich im Tierheim Colmar oder auf privaten Pflegestellen befinden und unsere Hilfe ben\u00f6tigen.<\/p>\n<p>Wir helfen und unterst\u00fctzen jederzeit beim Kontakt mit dem Tierheim und den Pflegestellen. Die Vermittlung selbst erfolgt dann durch das Tierheim bzw. die Pflegestelle.<\/p>\n<p>Wir freuen uns, wenn Sie mit uns <a title=\"Kontakt\" href=\"https:\/\/www.amis-tico.eu\/de\/kontakt\/\">Kontakt<\/a> aufnehmen<\/p>\n","protected":false},"excerpt":{"rendered":"<p>Neben den hier vorgestellten Katzen befinden sich regelm\u00e4\u00dfig weitere Tiere im Colmarer Tierheim. Sie alle suchen ein gutes Zuhause, in dem sie die neue Chance bekommen, das sie verdienen. Wenn Sie also gerne ein neues tierisches Familienmitglied aufnehmen oder auf andere Weise helfen m\u00f6chten, finden Sie hier stellvertretend f\u00fcr alle einige Tiere, die sich im [&hellip;]<\/p>\n","protected":false},"author":2,"featured_media":0,"parent":0,"menu_order":0,"comment_status":"closed","ping_status":"closed","template":"","meta":{"footnotes":""},"class_list":["post-5","page","type-page","status-publish","hentry"],"_links":{"self":[{"href":"https:\/\/www.amis-tico.eu\/de\/wp-json\/wp\/v2\/pages\/5","targetHints":{"allow":["GET"]}}],"collection":[{"href":"https:\/\/www.amis-tico.eu\/de\/wp-json\/wp\/v2\/pages"}],"about":[{"href":"https:\/\/www.amis-tico.eu\/de\/wp-json\/wp\/v2\/types\/page"}],"author":[{"embeddable":true,"href":"https:\/\/www.amis-tico.eu\/de\/wp-json\/wp\/v2\/users\/2"}],"replies":[{"embeddable":true,"href":"https:\/\/www.amis-tico.eu\/de\/wp-json\/wp\/v2\/comments?post=5"}],"version-history":[{"count":5,"href":"https:\/\/www.amis-tico.eu\/de\/wp-json\/wp\/v2\/pages\/5\/revisions"}],"predecessor-version":[{"id":37873,"href":"https:\/\/www.amis-tico.eu\/de\/wp-json\/wp\/v2\/pages\/5\/revisions\/37873"}],"wp:attachment":[{"href":"https:\/\/www.amis-tico.eu\/de\/wp-json\/wp\/v2\/media?parent=5"}],"curies":[{"name":"wp","href":"https:\/\/api.w.org\/{rel}","templated":true}]}}