{"id":102,"date":"2013-11-06T01:27:15","date_gmt":"2013-11-05T23:27:15","guid":{"rendered":"http:\/\/beta.amis-tico.eu\/fr\/?page_id=102"},"modified":"2014-03-18T23:38:57","modified_gmt":"2014-03-18T22:38:57","slug":"animaux-2","status":"publish","type":"page","link":"https:\/\/www.amis-tico.eu\/fr\/animaux-2\/","title":{"rendered":"Animaux"},"content":{"rendered":"<p><a href=\"http:\/\/beta.amis-tico.eu\/fr\/wp-content\/uploads\/sites\/2\/2013\/11\/Animaux.jpg\"><img loading=\"lazy\" decoding=\"async\" class=\" wp-image-2018 alignleft\" alt=\"Animaux\" src=\"http:\/\/beta.amis-tico.eu\/fr\/wp-content\/uploads\/sites\/2\/2013\/11\/Animaux.jpg\" width=\"240\" height=\"360\" srcset=\"https:\/\/www.amis-tico.eu\/fr\/wp-content\/uploads\/sites\/2\/2013\/11\/Animaux.jpg 400w, https:\/\/www.amis-tico.eu\/fr\/wp-content\/uploads\/sites\/2\/2013\/11\/Animaux-200x300.jpg 200w\" sizes=\"auto, (max-width: 240px) 100vw, 240px\" \/><\/a>En plus des chiens et chats pr\u00e9sent\u00e9s sur le site d&rsquo;Amistico, d\u2019autres animaux se retrouvent r\u00e9guli\u00e8rement au refuge SPA de Colmar. Ils cherchent tous un nouveau foyer qui saura bien les accueillir et leur offrira une nouvelle chance qu\u2019ils ont, apr\u00e8s un pass\u00e9 plus ou moins chaotique, bien m\u00e9rit\u00e9e.<\/p>\n<p>Si vous souhaitez accueillir un compagnon \u00e0 quatre pattes et nouveau membre dans la famille, vous \u00eates ici au bon endroit et trouverez dans cette rubrique les animaux actuellement au refuge SPA de Colmar ou en foyer d\u2019accueil qui ont besoin de notre aide.<\/p>\n<p>Nous vous apportons volontiers notre soutien dans la prise de contact avec le refuge SPA de Colmar ainsi qu\u2019avec les foyers d\u2019accueils temporaires o\u00f9 peuvent se trouver les animaux. La proc\u00e9dure d\u2019adoption d\u2019un animal en elle-m\u00eame se fait \u00e0 travers la SPA de Colmar ou le foyer d\u2019accueil en question.<\/p>\n<p>N\u2019h\u00e9sitez pas \u00e0 <a title=\"Contact\/mentions l\u00e9gales\" href=\"http:\/\/beta.amis-tico.eu\/fr\/contactmentions-legales\/\">nous contacter<\/a>\u00a0!<\/p>\n<ul>\n<li><a href=\"http:\/\/beta.amis-tico.eu\/fr\/category\/a-ladoption\/\">Disponibles \u00e0 l&rsquo;adoption<\/a><\/li>\n<li><a href=\"http:\/\/beta.amis-tico.eu\/fr\/category\/adoptes\/\">Adopt\u00e9s<\/a><\/li>\n<li><a href=\"http:\/\/beta.amis-tico.eu\/fr\/category\/ils-nous-ont-quittes\/\">Ils nous ont quitt\u00e9s<\/a><\/li>\n<\/ul>\n<p>&nbsp;<\/p>\n","protected":false},"excerpt":{"rendered":"<p>En plus des chiens et chats pr\u00e9sent\u00e9s sur le site d&rsquo;Amistico, d\u2019autres animaux se retrouvent r\u00e9guli\u00e8rement au refuge SPA de Colmar. Ils cherchent tous un nouveau foyer qui saura bien les accueillir et leur offrira une nouvelle chance qu\u2019ils ont, apr\u00e8s un pass\u00e9 plus ou moins chaotique, bien m\u00e9rit\u00e9e. Si vous souhaitez accueillir un compagnon [&hellip;]<\/p>\n","protected":false},"author":8,"featured_media":0,"parent":0,"menu_order":0,"comment_status":"open","ping_status":"closed","template":"","meta":{"footnotes":""},"class_list":["post-102","page","type-page","status-publish","hentry"],"_links":{"self":[{"href":"https:\/\/www.amis-tico.eu\/fr\/wp-json\/wp\/v2\/pages\/102","targetHints":{"allow":["GET"]}}],"collection":[{"href":"https:\/\/www.amis-tico.eu\/fr\/wp-json\/wp\/v2\/pages"}],"about":[{"href":"https:\/\/www.amis-tico.eu\/fr\/wp-json\/wp\/v2\/types\/page"}],"author":[{"embeddable":true,"href":"https:\/\/www.amis-tico.eu\/fr\/wp-json\/wp\/v2\/users\/8"}],"replies":[{"embeddable":true,"href":"https:\/\/www.amis-tico.eu\/fr\/wp-json\/wp\/v2\/comments?post=102"}],"version-history":[{"count":8,"href":"https:\/\/www.amis-tico.eu\/fr\/wp-json\/wp\/v2\/pages\/102\/revisions"}],"predecessor-version":[{"id":2019,"href":"https:\/\/www.amis-tico.eu\/fr\/wp-json\/wp\/v2\/pages\/102\/revisions\/2019"}],"wp:attachment":[{"href":"https:\/\/www.amis-tico.eu\/fr\/wp-json\/wp\/v2\/media?parent=102"}],"curies":[{"name":"wp","href":"https:\/\/api.w.org\/{rel}","templated":true}]}}