{"id":88,"date":"2013-11-06T01:10:45","date_gmt":"2013-11-06T00:10:45","guid":{"rendered":"http:\/\/beta.amis-tico.eu\/fr\/?page_id=88"},"modified":"2015-11-05T21:32:57","modified_gmt":"2015-11-05T20:32:57","slug":"contactmentions-legales","status":"publish","type":"page","link":"https:\/\/www.amis-tico.eu\/fr\/contactmentions-legales\/","title":{"rendered":"Contact"},"content":{"rendered":"<p>Pour toute information vous pouvez nous contacter \u00e0 l&rsquo;adresse suivante :\u00a0<a href=\"mailto:info@amis-tico.eu\">info@amis-tico.eu<\/a><\/p>\n<h2>Repr\u00e9sentants<\/h2>\n<p><strong>Comit\u00e9 de direction\u00a0:<\/strong><\/p>\n<p>Heike Gantert &#8211; Pr\u00e9sidente<br \/>\nLindenstr. 2c<br \/>\n79258 Hartheim<br \/>\nAllemagne<\/p>\n<p>Catherine Oberzusser &#8211; Vice-pr\u00e9sidente<br \/>\n45a route d\u2019Ingersheim<br \/>\n68000 Colmar<br \/>\nFrance<\/p>\n<h2 style=\"text-align: justify\">Responsable du contenu conform\u00e9ment \u00e0 la l\u00e9gislation en vigueur<\/h2>\n<p style=\"text-align: justify\">Heike Gantert<\/p>\n<h2 style=\"text-align: justify\"><b>Utilisation du contenu<\/b><\/h2>\n<p>La reproduction, la modification, la diffusion et l&rsquo;utilisation du contenu de ce site Internet sous quelque forme que ce soit pour un usage \u00e0 caract\u00e8re public ou commercial, n\u00e9cessite l&rsquo;autorisation \u00e9crite pr\u00e9alable d\u2019AmisTiCo. Les t\u00e9l\u00e9chargements des documents et informations pr\u00e9sents sur ce site Internet ne sont autoris\u00e9s que pour un usage \u00e0 titre priv\u00e9 ou non commercial. Les images pr\u00e9sentes sur le site sont soumises \u00e0 droits d&rsquo;auteur, l&rsquo;exploitation de la propri\u00e9t\u00e9 intellectuelle desdits contenus est donc soumise \u00e0 un accord \u00e9crit pr\u00e9alable d\u2019AmisTiCo.<\/p>\n<h2 style=\"text-align: justify\">Coordonn\u00e9es bancaires de l&rsquo;association<\/h2>\n<p><span style=\"text-decoration: underline\">Compte bancaire en France<\/span> :<\/p>\n<p>Titulaire du compte\u00a0: AMISTICO<br \/>\nBanque\u00a0: 10278<br \/>\nGuichet\u00a0: 03261<br \/>\nCompte\u00a0: 00020339701<br \/>\nCl\u00e9\u00a0: 46<br \/>\nDomiciliation\u00a0: CCM Du Brand<\/p>\n<p>Coordonn\u00e9es bancaires internationales pour un virement vers ce compte depuis un autre pays que la France\u00a0:<br \/>\nIBAN : FR76 1027 8032 6100 0203 3970 146<br \/>\nBIC : CMCIFR2A<\/p>\n<p><span style=\"text-decoration: underline\">Compte bancaire en Allemagne<\/span>\u00a0:<\/p>\n<p>Titulaire du compte\u00a0: AMISTICO<br \/>\nBank : Sparkasse Staufen-Breisach<br \/>\nBLZ : \u00a068052328<br \/>\nKTO\u00a0: 1193218<\/p>\n<p>Coordonn\u00e9es bancaires internationales pour un virement vers ce compte depuis un autre pays que l\u2019Allemagne\u00a0:<br \/>\nIBAN\u00a0: DE23680523280001193218<br \/>\nBIC\u00a0: SOLADES1STF<\/p>\n<p>&nbsp;<\/p>\n<p style=\"text-align: justify\">\n","protected":false},"excerpt":{"rendered":"<p>Pour toute information vous pouvez nous contacter \u00e0 l&rsquo;adresse suivante :\u00a0info@amis-tico.eu Repr\u00e9sentants Comit\u00e9 de direction\u00a0: Heike Gantert &#8211; Pr\u00e9sidente Lindenstr. 2c 79258 Hartheim Allemagne Catherine Oberzusser &#8211; Vice-pr\u00e9sidente 45a route d\u2019Ingersheim 68000 Colmar France Responsable du contenu conform\u00e9ment \u00e0 la l\u00e9gislation en vigueur Heike Gantert Utilisation du contenu La reproduction, la modification, la diffusion et [&hellip;]<\/p>\n","protected":false},"author":8,"featured_media":0,"parent":0,"menu_order":0,"comment_status":"closed","ping_status":"closed","template":"","meta":{"footnotes":""},"class_list":["post-88","page","type-page","status-publish","hentry"],"_links":{"self":[{"href":"https:\/\/www.amis-tico.eu\/fr\/wp-json\/wp\/v2\/pages\/88","targetHints":{"allow":["GET"]}}],"collection":[{"href":"https:\/\/www.amis-tico.eu\/fr\/wp-json\/wp\/v2\/pages"}],"about":[{"href":"https:\/\/www.amis-tico.eu\/fr\/wp-json\/wp\/v2\/types\/page"}],"author":[{"embeddable":true,"href":"https:\/\/www.amis-tico.eu\/fr\/wp-json\/wp\/v2\/users\/8"}],"replies":[{"embeddable":true,"href":"https:\/\/www.amis-tico.eu\/fr\/wp-json\/wp\/v2\/comments?post=88"}],"version-history":[{"count":17,"href":"https:\/\/www.amis-tico.eu\/fr\/wp-json\/wp\/v2\/pages\/88\/revisions"}],"predecessor-version":[{"id":2020,"href":"https:\/\/www.amis-tico.eu\/fr\/wp-json\/wp\/v2\/pages\/88\/revisions\/2020"}],"wp:attachment":[{"href":"https:\/\/www.amis-tico.eu\/fr\/wp-json\/wp\/v2\/media?parent=88"}],"curies":[{"name":"wp","href":"https:\/\/api.w.org\/{rel}","templated":true}]}}